{"id":231,"date":"2018-04-02T16:49:10","date_gmt":"2018-04-02T14:49:10","guid":{"rendered":"https:\/\/lisa-zaugg.ch\/?page_id=231"},"modified":"2024-12-02T21:54:42","modified_gmt":"2024-12-02T20:54:42","slug":"ueber-mich","status":"publish","type":"page","link":"https:\/\/lisa-zaugg.ch\/?page_id=231","title":{"rendered":"\u00dcber mich"},"content":{"rendered":"<p><strong>\u00dcber mich<\/strong><\/p>\n<p><strong>Lisa Zaugg-Kunz<\/strong><br \/>\nKosmetikerin EFZ<\/p>\n<p><strong>Ausbildung<\/strong><br \/>\nParf\u00fcmerieverk\u00e4uferin<br \/>\nKosmetikerin mit eidgen\u00f6ssischem F\u00e4higkeitszeugnis (EFZ)<\/p>\n<p><strong>Weiterbildung<\/strong><br \/>\nManuelle Lymphdrainage nach Dr.Vodder<br \/>\nVisagistenkurs,\u00a0Maria Schweizer AG, Z\u00fcrich<br \/>\nKokoii Face, Asiatische Druckpunktmassage<\/p>\n","protected":false},"excerpt":{"rendered":"<p>\u00dcber mich Lisa Zaugg-Kunz Kosmetikerin EFZ Ausbildung Parf\u00fcmerieverk\u00e4uferin Kosmetikerin mit eidgen\u00f6ssischem F\u00e4higkeitszeugnis (EFZ) Weiterbildung Manuelle Lymphdrainage nach Dr.Vodder Visagistenkurs,\u00a0Maria Schweizer AG, Z\u00fcrich Kokoii Face, Asiatische Druckpunktmassage<\/p>\n","protected":false},"author":1,"featured_media":544,"parent":0,"menu_order":0,"comment_status":"closed","ping_status":"closed","template":"","meta":{"footnotes":""},"class_list":["post-231","page","type-page","status-publish","has-post-thumbnail","hentry"],"_links":{"self":[{"href":"https:\/\/lisa-zaugg.ch\/index.php?rest_route=\/wp\/v2\/pages\/231","targetHints":{"allow":["GET"]}}],"collection":[{"href":"https:\/\/lisa-zaugg.ch\/index.php?rest_route=\/wp\/v2\/pages"}],"about":[{"href":"https:\/\/lisa-zaugg.ch\/index.php?rest_route=\/wp\/v2\/types\/page"}],"author":[{"embeddable":true,"href":"https:\/\/lisa-zaugg.ch\/index.php?rest_route=\/wp\/v2\/users\/1"}],"replies":[{"embeddable":true,"href":"https:\/\/lisa-zaugg.ch\/index.php?rest_route=%2Fwp%2Fv2%2Fcomments&post=231"}],"version-history":[{"count":6,"href":"https:\/\/lisa-zaugg.ch\/index.php?rest_route=\/wp\/v2\/pages\/231\/revisions"}],"predecessor-version":[{"id":376,"href":"https:\/\/lisa-zaugg.ch\/index.php?rest_route=\/wp\/v2\/pages\/231\/revisions\/376"}],"wp:featuredmedia":[{"embeddable":true,"href":"https:\/\/lisa-zaugg.ch\/index.php?rest_route=\/wp\/v2\/media\/544"}],"wp:attachment":[{"href":"https:\/\/lisa-zaugg.ch\/index.php?rest_route=%2Fwp%2Fv2%2Fmedia&parent=231"}],"curies":[{"name":"wp","href":"https:\/\/api.w.org\/{rel}","templated":true}]}}