{"id":233,"date":"2018-04-02T16:49:27","date_gmt":"2018-04-02T14:49:27","guid":{"rendered":"https:\/\/lisa-zaugg.ch\/?page_id=233"},"modified":"2026-01-11T19:25:40","modified_gmt":"2026-01-11T18:25:40","slug":"kontakt","status":"publish","type":"page","link":"https:\/\/lisa-zaugg.ch\/?page_id=233","title":{"rendered":"Kontakt"},"content":{"rendered":"<p><strong>Kontakt<\/strong><\/p>\n<p><span style=\"color: #000000;\"><strong>Gesch\u00e4ftsadresse<\/strong><\/span><\/p>\n<p>Lisa Zaugg Kosmetik<br \/>\nLisa Zaugg-Kunz<br \/>\nWiesenstrasse 7<br \/>\n4900 Langenthal<\/p>\n<p>Telefon:\u00a0<strong>062 923 55 44<\/strong><\/p>\n<p><strong>\u00d6ffnungszeiten<\/strong><br \/>\nTermine nach Vereinbarung<\/p>\n<p>&nbsp;<\/p>\n<p><b>W\u00e4hrend dieser Zeit bleibt das Gesch\u00e4ft geschlossen<\/b><br \/>\n<strong><span style=\"color: #0000ff;\">\u00a024.01.2026 &#8211; 01.02.2026<\/span><\/strong><\/p>\n<p><strong>Standort\u00a0Lisa Zaugg Kosmetik<\/strong><\/p>\n<p><a href=\"https:\/\/goo.gl\/maps\/d753rckjDP5y3w2f9\" target=\"_blank\" rel=\"noopener noreferrer\">Google Street View<\/a><\/p>\n<p><iframe loading=\"lazy\" style=\"border: 0;\" src=\"https:\/\/www.google.com\/maps\/embed?pb=!1m18!1m12!1m3!1d3718.991235132837!2d7.785081612122494!3d47.211950873447435!2m3!1f0!2f0!3f0!3m2!1i1024!2i768!4f13.1!3m3!1m2!1s0x47902a451bb6d01f%3A0x67a588ef4c8bee28!2sWiesenstrasse+7%2C+4900+Langenthal!5e1!3m2!1sde!2sch!4v1558986786353!5m2!1sde!2sch\" width=\"600\" height=\"450\" frameborder=\"0\" allowfullscreen=\"allowfullscreen\"><\/iframe><\/p>\n<p><strong>Kontaktformular<\/strong><br \/>\n\n<div class=\"wpcf7 no-js\" id=\"wpcf7-f33-o1\" lang=\"de-CH\" dir=\"ltr\" data-wpcf7-id=\"33\">\n<div class=\"screen-reader-response\"><p role=\"status\" aria-live=\"polite\" aria-atomic=\"true\"><\/p> <ul><\/ul><\/div>\n<form action=\"\/index.php?rest_route=%2Fwp%2Fv2%2Fpages%2F233#wpcf7-f33-o1\" method=\"post\" class=\"wpcf7-form init\" aria-label=\"Contact form\" novalidate=\"novalidate\" data-status=\"init\">\n<fieldset class=\"hidden-fields-container\"><input type=\"hidden\" name=\"_wpcf7\" value=\"33\" \/><input type=\"hidden\" name=\"_wpcf7_version\" value=\"6.1.4\" \/><input type=\"hidden\" name=\"_wpcf7_locale\" value=\"de_CH\" \/><input type=\"hidden\" name=\"_wpcf7_unit_tag\" value=\"wpcf7-f33-o1\" \/><input type=\"hidden\" name=\"_wpcf7_container_post\" value=\"0\" \/><input type=\"hidden\" name=\"_wpcf7_posted_data_hash\" value=\"\" \/>\n<\/fieldset>\n<p><label> Ihr Name (erforderlich)<br \/>\n<span class=\"wpcf7-form-control-wrap\" data-name=\"your-name\"><input size=\"40\" maxlength=\"400\" class=\"wpcf7-form-control wpcf7-text wpcf7-validates-as-required\" aria-required=\"true\" aria-invalid=\"false\" value=\"\" type=\"text\" name=\"your-name\" \/><\/span> <\/label>\n<\/p>\n<p><label> Ihre E-Mail (erforderlich)<br \/>\n<span class=\"wpcf7-form-control-wrap\" data-name=\"your-email\"><input size=\"40\" maxlength=\"400\" class=\"wpcf7-form-control wpcf7-email wpcf7-validates-as-required wpcf7-text wpcf7-validates-as-email\" aria-required=\"true\" aria-invalid=\"false\" value=\"\" type=\"email\" name=\"your-email\" \/><\/span> <\/label>\n<\/p>\n<p><label> Betreff<br \/>\n<span class=\"wpcf7-form-control-wrap\" data-name=\"your-subject\"><input size=\"40\" maxlength=\"400\" class=\"wpcf7-form-control wpcf7-text\" aria-invalid=\"false\" value=\"\" type=\"text\" name=\"your-subject\" \/><\/span> <\/label>\n<\/p>\n<p><label> Ihre Nachricht<br \/>\n<span class=\"wpcf7-form-control-wrap\" data-name=\"your-message\"><textarea cols=\"40\" rows=\"10\" maxlength=\"2000\" class=\"wpcf7-form-control wpcf7-textarea\" aria-invalid=\"false\" name=\"your-message\"><\/textarea><\/span> <\/label>\n<\/p>\n<p>Bitte den blauen Code in nachfolgendes Feld eintragen:\n<\/p>\n<p><input type=\"hidden\" name=\"_wpcf7_captcha_challenge_captcha-25\" value=\"608481714\" \/><img loading=\"lazy\" decoding=\"async\" class=\"wpcf7-form-control wpcf7-captchac wpcf7-captcha-captcha-25\" width=\"72\" height=\"24\" alt=\"captcha\" src=\"https:\/\/lisa-zaugg.ch\/wp-content\/uploads\/wpcf7_captcha\/608481714.png\" \/><br \/>\n<span class=\"wpcf7-form-control-wrap\" data-name=\"captcha-25\"><input size=\"4\" maxlength=\"4\" class=\"wpcf7-form-control wpcf7-captchar\" autocomplete=\"off\" aria-invalid=\"false\" value=\"\" type=\"text\" name=\"captcha-25\" \/><\/span>\n<\/p>\n<p><input class=\"wpcf7-form-control wpcf7-submit has-spinner\" type=\"submit\" value=\"Senden\" \/>\n<\/p><p style=\"display: none !important;\" class=\"akismet-fields-container\" data-prefix=\"_wpcf7_ak_\"><label>&#916;<textarea name=\"_wpcf7_ak_hp_textarea\" cols=\"45\" rows=\"8\" maxlength=\"100\"><\/textarea><\/label><input type=\"hidden\" id=\"ak_js_1\" name=\"_wpcf7_ak_js\" value=\"243\"\/><script>\ndocument.getElementById( \"ak_js_1\" ).setAttribute( \"value\", ( new Date() ).getTime() );\n<\/script>\n<\/p><div class=\"wpcf7-response-output\" aria-hidden=\"true\"><\/div>\n<\/form>\n<\/div>\n<\/p>\n","protected":false},"excerpt":{"rendered":"<p>Kontakt Gesch\u00e4ftsadresse Lisa Zaugg Kosmetik Lisa Zaugg-Kunz Wiesenstrasse 7 4900 Langenthal Telefon:\u00a0062 923 55 44 \u00d6ffnungszeiten Termine nach Vereinbarung &nbsp; W\u00e4hrend dieser Zeit bleibt das Gesch\u00e4ft geschlossen \u00a024.01.2026 &#8211; 01.02.2026 Standort\u00a0Lisa Zaugg Kosmetik Google Street View Kontaktformular<\/p>\n","protected":false},"author":1,"featured_media":80,"parent":0,"menu_order":0,"comment_status":"closed","ping_status":"closed","template":"","meta":{"footnotes":""},"class_list":["post-233","page","type-page","status-publish","has-post-thumbnail","hentry"],"_links":{"self":[{"href":"https:\/\/lisa-zaugg.ch\/index.php?rest_route=\/wp\/v2\/pages\/233","targetHints":{"allow":["GET"]}}],"collection":[{"href":"https:\/\/lisa-zaugg.ch\/index.php?rest_route=\/wp\/v2\/pages"}],"about":[{"href":"https:\/\/lisa-zaugg.ch\/index.php?rest_route=\/wp\/v2\/types\/page"}],"author":[{"embeddable":true,"href":"https:\/\/lisa-zaugg.ch\/index.php?rest_route=\/wp\/v2\/users\/1"}],"replies":[{"embeddable":true,"href":"https:\/\/lisa-zaugg.ch\/index.php?rest_route=%2Fwp%2Fv2%2Fcomments&post=233"}],"version-history":[{"count":55,"href":"https:\/\/lisa-zaugg.ch\/index.php?rest_route=\/wp\/v2\/pages\/233\/revisions"}],"predecessor-version":[{"id":560,"href":"https:\/\/lisa-zaugg.ch\/index.php?rest_route=\/wp\/v2\/pages\/233\/revisions\/560"}],"wp:featuredmedia":[{"embeddable":true,"href":"https:\/\/lisa-zaugg.ch\/index.php?rest_route=\/wp\/v2\/media\/80"}],"wp:attachment":[{"href":"https:\/\/lisa-zaugg.ch\/index.php?rest_route=%2Fwp%2Fv2%2Fmedia&parent=233"}],"curies":[{"name":"wp","href":"https:\/\/api.w.org\/{rel}","templated":true}]}}